{"id":3,"date":"2022-11-03T10:18:18","date_gmt":"2022-11-03T10:18:18","guid":{"rendered":"https:\/\/www.happylifedesign.it\/?page_id=3"},"modified":"2022-11-04T13:57:09","modified_gmt":"2022-11-04T12:57:09","slug":"privacy-policy","status":"publish","type":"page","link":"https:\/\/www.happylifedesign.it\/index.php\/privacy-policy\/","title":{"rendered":"Privacy Policy"},"content":{"rendered":"<p>Informativa resa ai sensi del Decreto Legislativo 196\/2003 e del Regolamento (UE) 2016\/679 del Parlamento Europeo e del Consiglio del 27 Aprile 2016 (GDPR).<\/p>\r\n<p><strong>Titolare del trattamento<\/strong><\/p>\r\n<p>La presente informativa \u00e8 resa a coloro che si collegano al sito internet all\u2019indirizzo\u00a0<a href=\"https:\/\/www.happylifedesign.it\/\">www.happylifedesign.it<\/a>\u00a0di propriet\u00e0 di Alfredo Spalletta<br \/>Viale Giappone, 138<br \/>00060 Formello (Roma)<br \/>P.IVA 10351051007<br \/>CF SPLLRD66M09H501D<\/p>\r\n<p><strong>Finalit\u00e0 del trattamento<\/strong><\/p>\r\n<p>I dati sono raccolti per erogare un servizio, per l\u2019esecuzione di un contratto, per rispondere ad una richiesta o a seguito di un conferimento spontaneo dell\u2019utente. Il conferimento \u00e8 facoltativo. Il mancato conferimento impedir\u00e0 o limiter\u00e0 l\u2019erogazione del servizio o l\u2019esecuzione del contratto con l\u2019interessato. I dati personali saranno utilizzati anche per i seguenti scopi:<\/p>\r\n<ul>\r\n<li>Invio di comunicazioni tecniche, commerciali, informative, cataloghi, listini<\/li>\r\n<li>Attivit\u00e0 promozionali<\/li>\r\n<li>Ricerche di mercato e controllo qualit\u00e0<\/li>\r\n<\/ul>\r\n<p>&nbsp;<\/p>\r\n<p>Sono inoltre raccolti in forma anonima i dati di navigazione relativamente a indirizzo ip, data e ora di accesso, URL richiesta. Questi dati sono raccolti per fini statistici, di controllo del corretto funzionamento dei servizi, per ragioni di sicurezza e per ottemperare alla normativa vigente. Questi dati non sono trasmessi a terzi.<\/p>\r\n<p><strong>Destinatari dei dati personali<\/strong><\/p>\r\n<p>I dati personali possono essere comunicati a terze parti per l\u2019esecuzione delle finalit\u00e0 del trattamento.<\/p>\r\n<p><strong>Conservazione<\/strong><\/p>\r\n<p>I dati personali sono conservati per un periodo di tempo non limitato, a discrezione del Titolare. Ove applicabile sono comunque conservati per il periodo minimo previsto dalla normativa.<br \/>I tracciati di accesso sono conservati per 6 mesi.<\/p>\r\n<p><strong>Diritti dell\u2019interessato<\/strong><\/p>\r\n<p>L\u2019interessato ha il diritto di chiedere al Titolare l\u2019accesso ai propri dati personali, la rettifica, la cancellazione, la limitazione del trattamento o opporsi al trattamento, la portabilit\u00e0 dei dati. Queste richieste avranno seguito nella misura in cui non siano in contrasto con la normativa.<\/p>\r\n<p><strong>Autorit\u00e0 di controllo<\/strong><\/p>\r\n<p>L\u2019interessato ha diritto di proporre reclamo all\u2019autorit\u00e0 di controllo:\u00a0 Garante per la Protezione dei Dati Personali\u00a0<a href=\"http:\/\/www.garanteprivacy.it\/\" target=\"_blank\" rel=\"noopener\">http:\/\/www.garanteprivacy.it\/<\/a><\/p>\r\n<p>I dati personali non sono sottoposti a processi automatizzati, quali ad esempio la profilazione.<\/p>\r\n<p>I dati personali non saranno trattati per finalit\u00e0 diverse da quelle per cui sono stati raccolti.<\/p>\r\n<p><strong>Cookies<\/strong><\/p>\r\n<p>I cookie sono piccoli file di testo che i siti visitati dagli utenti inviano ai loro terminali, ove vengono memorizzati per essere poi ritrasmessi agli stessi siti alla visita successiva. I cookie delle cosiddette \u201cterze parti\u201d vengono, invece, impostati da un sito web diverso da quello che l\u2019utente sta visitando. Questo perch\u00e9 su ogni sito possono essere presenti elementi (immagini, mappe, suoni, specifici link a pagine web di altri domini, ecc.) che risiedono su server diversi da quello del sito visitato.<\/p>\r\n<p>I cookie sono usati per differenti finalit\u00e0: esecuzione di autenticazioni informatiche, monitoraggio di sessioni, memorizzazione di informazioni su specifiche configurazioni riguardanti gli utenti che accedono al server, memorizzazione delle preferenze, ecc.<\/p>\r\n<p>Cookie tecnici. Sono i cookie che servono a effettuare la navigazione o a fornire un servizio richiesto dall\u2019utente. Non vengono utilizzati per scopi ulteriori e sono normalmente installati direttamente dal titolare del sito web.<\/p>\r\n<p>Cookie di profilazione. Sono i cookie utilizzati per tracciare la navigazione dell\u2019utente in rete e creare profili sui suoi gusti, abitudini, scelte, ecc. Con questi cookie possono essere trasmessi al terminale dell\u2019utente messaggi pubblicitari in linea con le preferenze gi\u00e0 manifestate dallo stesso utente nella navigazione online. In questo sito si usano cookie di sessione, tecnici e di profilazione.<br \/>L\u2019uso dei cookies di sessione (cio\u00e8 temporanei che sono rimossi con la chiusura della sessione del browser) \u00e8 strettamente funzionale all\u2019ottimizzazione della fruizione del sito e quindi a garantire la migliore navigazione nell\u2019ambito del sito.<\/p>\r\n<p>Tra i cookies tecnici sono presenti cookies analitici con anonimizzazione dell\u2019indirizzo ip e relativamente ai quali la terza parte si impegna a non incrociare le informazioni contenute nei cookies con altre di cui gi\u00e0 dispone (questi cookies sono equiparati a cookie tecnici dal chiarimento del Garante\u00a0<a href=\"http:\/\/www.garanteprivacy.it\/web\/guest\/home\/docweb\/-\/docweb-display\/docweb\/4006878\" target=\"_blank\" rel=\"noopener\">http:\/\/www.garanteprivacy.it\/web\/guest\/home\/docweb\/-\/docweb-display\/docweb\/4006878<\/a>\u00a0).<\/p>\r\n<p>Per i cookie di terze parti:\u00a0<a href=\"https:\/\/policies.google.com\/privacy?hl=it\" target=\"_blank\" rel=\"noopener\">Google Analytics<\/a><br \/>I cookie tecnici non richiedono consenso e sono installati automaticamente a seguito dell\u2019accesso al sito.<\/p>\r\n<p>Cookies di profilazione di terze parti.<br \/>Lo scopo di questi cookies \u00e8 di analizzare le azioni dell\u2019utente, i siti visitati e fornire, tramite partner terzi, contenuti commerciali e pubblicit\u00e0 in linea con gli interessi dell\u2019utente. Possono essere presenti anche cookies per il collegamento a social network. Potrebbero essere utilizzate tecnologia diverse dai cookies ma analoghe ad esse per gli stessi scopi.<\/p>\r\n<p>Terze parti: [<a href=\"https:\/\/privacy.google.com\/businesses\/compliance\/#?modal_active=none\" target=\"_blank\" rel=\"noopener\">Google Adwords<\/a>,\u00a0<a href=\"https:\/\/www.facebook.com\/privacy\/explanation\" target=\"_blank\" rel=\"noopener\">Facebook<\/a>, \u2026]<\/p>\r\n<p>L\u2019impiego delle suddette tecnologie \u00e8 regolato dalle informative sulla privacy delle rispettive\u00a0 societ\u00e0 e non dalla presente informativa.<\/p>\r\n<p>I cookies di profilazione sono installati solo dopo che l\u2019utente presta esplicitamente il consenso.<\/p>\r\n<p>Il consenso pu\u00f2 essere revocato in ogni momento rimuovendo i cookie installati dal sito:\u00a0<a href=\"chrome:\/\/settings\/content\/cookies\">Chrome<\/a>\u00a0\u2013\u00a0<a href=\"https:\/\/support.mozilla.org\/en-US\/kb\/delete-cookies-remove-info-websites-stored#w_delete-cookies-for-a-single-site\" target=\"_blank\" rel=\"noopener\">Firefox<\/a>\u00a0\u2013\u00a0<a href=\"http:\/\/www.thewindowsclub.com\/delete-internet-cache-particular-website\" target=\"_blank\" rel=\"noopener\">Internet Explorer<\/a>\u00a0\u2013\u00a0<a href=\"https:\/\/www.opera.com\/help\/tutorials\/security\/privacy\/\" target=\"_blank\" rel=\"noopener\">Opera<\/a>\u00a0\u2013\u00a0<a href=\"https:\/\/support.apple.com\/kb\/ph21411?locale=it_IT\" target=\"_blank\" rel=\"noopener\">Safari.<\/a><\/p>\r\n<p>\u00c8 possibile disabilitare il salvataggio dei cookies modificando le impostazioni del browser. Questo per\u00f2 potrebbe comportare un malfunzionamento nella navigazione del sito. Di seguito i link per le configurazioni dei principali browser:\u00a0<a href=\"https:\/\/support.google.com\/chrome\/answer\/95647?hl=it&amp;topic=14666&amp;ctx=topic\" target=\"_blank\" rel=\"noopener\">Chrome<\/a>\u00a0\u2013\u00a0<a href=\"https:\/\/support.mozilla.org\/it\/kb\/Attivare%20e%20disattivare%20i%20cookie\" target=\"_blank\" rel=\"noopener\">Firefox<\/a>\u00a0\u2013\u00a0<a href=\"http:\/\/www.thewindowsclub.com\/delete-internet-cache-particular-website\" target=\"_blank\" rel=\"noopener\">Internet Explorer<\/a>\u00a0\u2013\u00a0<a href=\"https:\/\/www.opera.com\/help\/tutorials\/security\/privacy\/\" target=\"_blank\" rel=\"noopener\">Opera<\/a>\u00a0\u2013\u00a0<a href=\"https:\/\/support.apple.com\/kb\/ph21411?locale=it_IT\" target=\"_blank\" rel=\"noopener\">Safari<\/a><\/p>\r\n<p>Gestione dei cookies. \u00c8 possibile controllare i cookies presenti e bloccare selettivamente la ricezione dei cookies da singoli operatori a questo indirizzo:\u00a0<a href=\"http:\/\/www.youronlinechoices.com\/it\/le-tue-scelte\" target=\"_blank\" rel=\"noopener\">http:\/\/www.youronlinechoices.com\/it\/le-tue-scelte<\/a><\/p>\r\n<p><strong>Informative specifiche<\/strong><\/p>\r\n<p>Per particolari finalit\u00e0 di trattamento sono presenti apposite informative con richieste espresse di consenso.<\/p>\r\n<p><strong>Misure di sicurezza<\/strong><\/p>\r\n<p>I dati personali sono trattati rispettando le misure minime di sicurezza previste dall\u2019Allegato B del DL 196\/2003 e le prescrizioni dell\u2019art. 32 del Regolamento (UE) 2016\/679.<\/p>\r\n<p><strong>Privacy Policy di Google Analytics<\/strong><\/p>\r\n<p>La politica di protezione dei dati personali di Google Analytics \u00e8 disponibile a questo link\u00a0<a href=\"https:\/\/www.google.com\/intl\/it_ALL\/analytics\/learn\/privacy.html\" target=\"_blank\" rel=\"noopener\">https:\/\/www.google.com\/intl\/it_ALL\/analytics\/learn\/privacy.html<\/a><\/p>\r\n","protected":false},"excerpt":{"rendered":"<p>Informativa resa ai sensi del Decreto Legislativo 196\/2003 e del Regolamento (UE) 2016\/679 del Parlamento Europeo e del Consiglio del 27 Aprile 2016 (GDPR). Titolare del trattamento La presente informativa \u00e8 resa a coloro che si collegano al sito internet all\u2019indirizzo\u00a0www.happylifedesign.it\u00a0di propriet\u00e0 di Alfredo SpallettaViale Giappone, 13800060 Formello (Roma)P.IVA 10351051007CF SPLLRD66M09H501D Finalit\u00e0 del trattamento I [&hellip;]<\/p>\n","protected":false},"author":1,"featured_media":0,"parent":0,"menu_order":0,"comment_status":"closed","ping_status":"open","template":"","meta":{"footnotes":""},"class_list":["post-3","page","type-page","status-publish","hentry"],"_links":{"self":[{"href":"https:\/\/www.happylifedesign.it\/index.php\/wp-json\/wp\/v2\/pages\/3","targetHints":{"allow":["GET"]}}],"collection":[{"href":"https:\/\/www.happylifedesign.it\/index.php\/wp-json\/wp\/v2\/pages"}],"about":[{"href":"https:\/\/www.happylifedesign.it\/index.php\/wp-json\/wp\/v2\/types\/page"}],"author":[{"embeddable":true,"href":"https:\/\/www.happylifedesign.it\/index.php\/wp-json\/wp\/v2\/users\/1"}],"replies":[{"embeddable":true,"href":"https:\/\/www.happylifedesign.it\/index.php\/wp-json\/wp\/v2\/comments?post=3"}],"version-history":[{"count":4,"href":"https:\/\/www.happylifedesign.it\/index.php\/wp-json\/wp\/v2\/pages\/3\/revisions"}],"predecessor-version":[{"id":364,"href":"https:\/\/www.happylifedesign.it\/index.php\/wp-json\/wp\/v2\/pages\/3\/revisions\/364"}],"wp:attachment":[{"href":"https:\/\/www.happylifedesign.it\/index.php\/wp-json\/wp\/v2\/media?parent=3"}],"curies":[{"name":"wp","href":"https:\/\/api.w.org\/{rel}","templated":true}]}}